{"id":123,"date":"2023-01-06T17:41:46","date_gmt":"2023-01-06T17:41:46","guid":{"rendered":"https:\/\/nautitours.cl\/?page_id=123"},"modified":"2023-01-06T17:41:46","modified_gmt":"2023-01-06T17:41:46","slug":"politicas-de-anulacion","status":"publish","type":"page","link":"https:\/\/nautitours.cl\/?page_id=123","title":{"rendered":"Pol\u00edticas de Anulaci\u00f3n"},"content":{"rendered":"\n<p>En el caso de que el abono est\u00e9 hecho y haya un cambio de fecha o anulaci\u00f3n con 10 d\u00edas de anticipaci\u00f3n, se hace la devoluci\u00f3n del 100%.<br>En el caso de que la anulaci\u00f3n o cambio de fecha sea con 4 d\u00edas de anticipaci\u00f3n se hace devoluci\u00f3n del 70% del abono.<br>Por otro lado, si hay anulaci\u00f3n el mismo d\u00eda por razones de fuerza mayor, ya sea condiciones clim\u00e1ticas, accidentes u otros, no hay problema en cambiar la fecha, si fuera as\u00ed, del abono, se descontar\u00eda solo un 50% correspondiente a movilizaci\u00f3n y gastos del personal extra y compras realizadas (perecibles) y en el caso de anular el evento hay una devoluci\u00f3n del 30%.<\/p>\n","protected":false},"excerpt":{"rendered":"<p>En el caso de que el abono est\u00e9 hecho y haya un cambio de fecha o anulaci\u00f3n con 10 d\u00edas de anticipaci\u00f3n, se hace la devoluci\u00f3n del 100%.En el caso de que la anulaci\u00f3n o cambio de fecha sea con 4 d\u00edas de anticipaci\u00f3n se hace devoluci\u00f3n del 70% del abono.Por otro lado, si hay [&hellip;]<\/p>\n","protected":false},"author":1,"featured_media":0,"parent":0,"menu_order":0,"comment_status":"closed","ping_status":"closed","template":"","meta":{"footnotes":""},"class_list":["post-123","page","type-page","status-publish","hentry"],"yoast_head":"<!-- This site is optimized with the Yoast SEO plugin v22.3 - https:\/\/yoast.com\/wordpress\/plugins\/seo\/ -->\n<title>Pol\u00edticas de Anulaci\u00f3n<\/title>\n<meta name=\"robots\" content=\"index, follow, max-snippet:-1, max-image-preview:large, max-video-preview:-1\" \/>\n<link rel=\"canonical\" href=\"https:\/\/nautitours.cl\/?page_id=123\" \/>\n<meta property=\"og:locale\" content=\"es_ES\" \/>\n<meta property=\"og:type\" content=\"article\" \/>\n<meta property=\"og:title\" content=\"Pol\u00edticas de Anulaci\u00f3n\" \/>\n<meta property=\"og:description\" content=\"En el caso de que el abono est\u00e9 hecho y haya un cambio de fecha o anulaci\u00f3n con 10 d\u00edas de anticipaci\u00f3n, se hace la devoluci\u00f3n del 100%.En el caso de que la anulaci\u00f3n o cambio de fecha sea con 4 d\u00edas de anticipaci\u00f3n se hace devoluci\u00f3n del 70% del abono.Por otro lado, si hay [&hellip;]\" \/>\n<meta property=\"og:url\" content=\"https:\/\/nautitours.cl\/?page_id=123\" \/>\n<meta name=\"twitter:card\" content=\"summary_large_image\" \/>\n<meta name=\"twitter:label1\" content=\"Tiempo de lectura\" \/>\n\t<meta name=\"twitter:data1\" content=\"1 minuto\" \/>\n<script type=\"application\/ld+json\" class=\"yoast-schema-graph\">{\"@context\":\"https:\/\/schema.org\",\"@graph\":[{\"@type\":\"WebPage\",\"@id\":\"https:\/\/nautitours.cl\/?page_id=123\",\"url\":\"https:\/\/nautitours.cl\/?page_id=123\",\"name\":\"Pol\u00edticas de Anulaci\u00f3n\",\"isPartOf\":{\"@id\":\"https:\/\/nautitours.cl\/#website\"},\"datePublished\":\"2023-01-06T17:41:46+00:00\",\"dateModified\":\"2023-01-06T17:41:46+00:00\",\"breadcrumb\":{\"@id\":\"https:\/\/nautitours.cl\/?page_id=123#breadcrumb\"},\"inLanguage\":\"es\",\"potentialAction\":[{\"@type\":\"ReadAction\",\"target\":[\"https:\/\/nautitours.cl\/?page_id=123\"]}]},{\"@type\":\"BreadcrumbList\",\"@id\":\"https:\/\/nautitours.cl\/?page_id=123#breadcrumb\",\"itemListElement\":[{\"@type\":\"ListItem\",\"position\":1,\"name\":\"Portada\",\"item\":\"https:\/\/nautitours.cl\/\"},{\"@type\":\"ListItem\",\"position\":2,\"name\":\"Pol\u00edticas de Anulaci\u00f3n\"}]},{\"@type\":\"WebSite\",\"@id\":\"https:\/\/nautitours.cl\/#website\",\"url\":\"https:\/\/nautitours.cl\/\",\"name\":\"Nautitours\",\"description\":\"\",\"publisher\":{\"@id\":\"https:\/\/nautitours.cl\/#organization\"},\"potentialAction\":[{\"@type\":\"SearchAction\",\"target\":{\"@type\":\"EntryPoint\",\"urlTemplate\":\"https:\/\/nautitours.cl\/?s={search_term_string}\"},\"query-input\":\"required name=search_term_string\"}],\"inLanguage\":\"es\"},{\"@type\":\"Organization\",\"@id\":\"https:\/\/nautitours.cl\/#organization\",\"name\":\"Nautitours\",\"url\":\"https:\/\/nautitours.cl\/\",\"logo\":{\"@type\":\"ImageObject\",\"inLanguage\":\"es\",\"@id\":\"https:\/\/nautitours.cl\/#\/schema\/logo\/image\/\",\"url\":\"https:\/\/nautitours.cl\/wp-content\/uploads\/2023\/01\/cropped-NAUTITOURS-LOGO.png\",\"contentUrl\":\"https:\/\/nautitours.cl\/wp-content\/uploads\/2023\/01\/cropped-NAUTITOURS-LOGO.png\",\"width\":456,\"height\":250,\"caption\":\"Nautitours\"},\"image\":{\"@id\":\"https:\/\/nautitours.cl\/#\/schema\/logo\/image\/\"}}]}<\/script>\n<!-- \/ Yoast SEO plugin. -->","yoast_head_json":{"title":"Pol\u00edticas de Anulaci\u00f3n","robots":{"index":"index","follow":"follow","max-snippet":"max-snippet:-1","max-image-preview":"max-image-preview:large","max-video-preview":"max-video-preview:-1"},"canonical":"https:\/\/nautitours.cl\/?page_id=123","og_locale":"es_ES","og_type":"article","og_title":"Pol\u00edticas de Anulaci\u00f3n","og_description":"En el caso de que el abono est\u00e9 hecho y haya un cambio de fecha o anulaci\u00f3n con 10 d\u00edas de anticipaci\u00f3n, se hace la devoluci\u00f3n del 100%.En el caso de que la anulaci\u00f3n o cambio de fecha sea con 4 d\u00edas de anticipaci\u00f3n se hace devoluci\u00f3n del 70% del abono.Por otro lado, si hay [&hellip;]","og_url":"https:\/\/nautitours.cl\/?page_id=123","twitter_card":"summary_large_image","twitter_misc":{"Tiempo de lectura":"1 minuto"},"schema":{"@context":"https:\/\/schema.org","@graph":[{"@type":"WebPage","@id":"https:\/\/nautitours.cl\/?page_id=123","url":"https:\/\/nautitours.cl\/?page_id=123","name":"Pol\u00edticas de Anulaci\u00f3n","isPartOf":{"@id":"https:\/\/nautitours.cl\/#website"},"datePublished":"2023-01-06T17:41:46+00:00","dateModified":"2023-01-06T17:41:46+00:00","breadcrumb":{"@id":"https:\/\/nautitours.cl\/?page_id=123#breadcrumb"},"inLanguage":"es","potentialAction":[{"@type":"ReadAction","target":["https:\/\/nautitours.cl\/?page_id=123"]}]},{"@type":"BreadcrumbList","@id":"https:\/\/nautitours.cl\/?page_id=123#breadcrumb","itemListElement":[{"@type":"ListItem","position":1,"name":"Portada","item":"https:\/\/nautitours.cl\/"},{"@type":"ListItem","position":2,"name":"Pol\u00edticas de Anulaci\u00f3n"}]},{"@type":"WebSite","@id":"https:\/\/nautitours.cl\/#website","url":"https:\/\/nautitours.cl\/","name":"Nautitours","description":"","publisher":{"@id":"https:\/\/nautitours.cl\/#organization"},"potentialAction":[{"@type":"SearchAction","target":{"@type":"EntryPoint","urlTemplate":"https:\/\/nautitours.cl\/?s={search_term_string}"},"query-input":"required name=search_term_string"}],"inLanguage":"es"},{"@type":"Organization","@id":"https:\/\/nautitours.cl\/#organization","name":"Nautitours","url":"https:\/\/nautitours.cl\/","logo":{"@type":"ImageObject","inLanguage":"es","@id":"https:\/\/nautitours.cl\/#\/schema\/logo\/image\/","url":"https:\/\/nautitours.cl\/wp-content\/uploads\/2023\/01\/cropped-NAUTITOURS-LOGO.png","contentUrl":"https:\/\/nautitours.cl\/wp-content\/uploads\/2023\/01\/cropped-NAUTITOURS-LOGO.png","width":456,"height":250,"caption":"Nautitours"},"image":{"@id":"https:\/\/nautitours.cl\/#\/schema\/logo\/image\/"}}]}},"_links":{"self":[{"href":"https:\/\/nautitours.cl\/index.php?rest_route=\/wp\/v2\/pages\/123","targetHints":{"allow":["GET"]}}],"collection":[{"href":"https:\/\/nautitours.cl\/index.php?rest_route=\/wp\/v2\/pages"}],"about":[{"href":"https:\/\/nautitours.cl\/index.php?rest_route=\/wp\/v2\/types\/page"}],"author":[{"embeddable":true,"href":"https:\/\/nautitours.cl\/index.php?rest_route=\/wp\/v2\/users\/1"}],"replies":[{"embeddable":true,"href":"https:\/\/nautitours.cl\/index.php?rest_route=%2Fwp%2Fv2%2Fcomments&post=123"}],"version-history":[{"count":1,"href":"https:\/\/nautitours.cl\/index.php?rest_route=\/wp\/v2\/pages\/123\/revisions"}],"predecessor-version":[{"id":124,"href":"https:\/\/nautitours.cl\/index.php?rest_route=\/wp\/v2\/pages\/123\/revisions\/124"}],"wp:attachment":[{"href":"https:\/\/nautitours.cl\/index.php?rest_route=%2Fwp%2Fv2%2Fmedia&parent=123"}],"curies":[{"name":"wp","href":"https:\/\/api.w.org\/{rel}","templated":true}]}}