{"id":8,"date":"2023-01-06T00:18:04","date_gmt":"2023-01-06T00:18:04","guid":{"rendered":"https:\/\/nautitours.cl\/?page_id=8"},"modified":"2024-03-30T19:47:51","modified_gmt":"2024-03-30T19:47:51","slug":"contacto","status":"publish","type":"page","link":"https:\/\/nautitours.cl\/?page_id=8","title":{"rendered":"Contacto"},"content":{"rendered":"\n<p><em>Tel\u00e9fono<\/em>: +569 7575 0155<\/p>\n\n\n\n<p><em>Correo<\/em>: <a href=\"mailto:info@nautitours.cl\">info@nautitours.cl<\/a><\/p>\n\n\n\n<p><em>Direcci\u00f3n<\/em>: Paula s\/n Vichuqu\u00e9n. Regi\u00f3n del Maule, Chile.<\/p>\n\n\n\n<p>Ubicaci\u00f3n:<\/p>\n\n\n\n<iframe src=\"https:\/\/www.google.com\/maps\/embed?pb=!1m14!1m8!1m3!1d13097.874547755126!2d-72.0551151!3d-34.8444502!3m2!1i1024!2i768!4f13.1!3m3!1m2!1s0x9666a383d66adbd9%3A0x937a4b37e8f57349!2sNautitours!5e0!3m2!1ses-419!2scl!4v1711827920979!5m2!1ses-419!2scl\" width=\"2400\" height=\"400\" style=\"border:0;\" allowfullscreen=\"\" loading=\"lazy\" referrerpolicy=\"no-referrer-when-downgrade\"><\/iframe>\n\n\n\n\n<figure class=\"wp-block-gallery has-nested-images columns-default is-cropped wp-block-gallery-1 is-layout-flex wp-block-gallery-is-layout-flex\">\n<figure class=\"wp-block-image size-large\"><img loading=\"lazy\" decoding=\"async\" width=\"1024\" height=\"1024\" data-id=\"107\" src=\"https:\/\/nautitours.cl\/wp-content\/uploads\/2023\/01\/local_nautitours-001-1-1024x1024.jpg\" alt=\"\" class=\"wp-image-107\" srcset=\"https:\/\/nautitours.cl\/wp-content\/uploads\/2023\/01\/local_nautitours-001-1-1024x1024.jpg 1024w, https:\/\/nautitours.cl\/wp-content\/uploads\/2023\/01\/local_nautitours-001-1-300x300.jpg 300w, https:\/\/nautitours.cl\/wp-content\/uploads\/2023\/01\/local_nautitours-001-1-150x150.jpg 150w, https:\/\/nautitours.cl\/wp-content\/uploads\/2023\/01\/local_nautitours-001-1-768x768.jpg 768w, https:\/\/nautitours.cl\/wp-content\/uploads\/2023\/01\/local_nautitours-001-1-1536x1536.jpg 1536w, https:\/\/nautitours.cl\/wp-content\/uploads\/2023\/01\/local_nautitours-001-1-2048x2048.jpg 2048w\" sizes=\"auto, (max-width: 1024px) 100vw, 1024px\" \/><\/figure>\n<\/figure>\n","protected":false},"excerpt":{"rendered":"<p>Tel\u00e9fono: +569 7575 0155 Correo: info@nautitours.cl Direcci\u00f3n: Paula s\/n Vichuqu\u00e9n. Regi\u00f3n del Maule, Chile. Ubicaci\u00f3n:<\/p>\n","protected":false},"author":1,"featured_media":0,"parent":0,"menu_order":0,"comment_status":"closed","ping_status":"closed","template":"","meta":{"footnotes":""},"class_list":["post-8","page","type-page","status-publish","hentry"],"yoast_head":"<!-- This site is optimized with the Yoast SEO plugin v22.3 - https:\/\/yoast.com\/wordpress\/plugins\/seo\/ -->\n<title>Contacto<\/title>\n<meta name=\"robots\" content=\"index, follow, max-snippet:-1, max-image-preview:large, max-video-preview:-1\" \/>\n<link rel=\"canonical\" href=\"https:\/\/nautitours.cl\/?page_id=8\" \/>\n<meta property=\"og:locale\" content=\"es_ES\" \/>\n<meta property=\"og:type\" content=\"article\" \/>\n<meta property=\"og:title\" content=\"Contacto\" \/>\n<meta property=\"og:description\" content=\"Tel\u00e9fono: +569 7575 0155 Correo: info@nautitours.cl Direcci\u00f3n: Paula s\/n Vichuqu\u00e9n. Regi\u00f3n del Maule, Chile. Ubicaci\u00f3n:\" \/>\n<meta property=\"og:url\" content=\"https:\/\/nautitours.cl\/?page_id=8\" \/>\n<meta property=\"article:modified_time\" content=\"2024-03-30T19:47:51+00:00\" \/>\n<meta property=\"og:image\" content=\"https:\/\/nautitours.cl\/wp-content\/uploads\/2023\/01\/local_nautitours-001-1-1024x1024.jpg\" \/>\n<meta name=\"twitter:card\" content=\"summary_large_image\" \/>\n<meta name=\"twitter:label1\" content=\"Tiempo de lectura\" \/>\n\t<meta name=\"twitter:data1\" content=\"1 minuto\" \/>\n<script type=\"application\/ld+json\" class=\"yoast-schema-graph\">{\"@context\":\"https:\/\/schema.org\",\"@graph\":[{\"@type\":\"WebPage\",\"@id\":\"https:\/\/nautitours.cl\/?page_id=8\",\"url\":\"https:\/\/nautitours.cl\/?page_id=8\",\"name\":\"Contacto\",\"isPartOf\":{\"@id\":\"https:\/\/nautitours.cl\/#website\"},\"primaryImageOfPage\":{\"@id\":\"https:\/\/nautitours.cl\/?page_id=8#primaryimage\"},\"image\":{\"@id\":\"https:\/\/nautitours.cl\/?page_id=8#primaryimage\"},\"thumbnailUrl\":\"https:\/\/nautitours.cl\/wp-content\/uploads\/2023\/01\/local_nautitours-001-1-1024x1024.jpg\",\"datePublished\":\"2023-01-06T00:18:04+00:00\",\"dateModified\":\"2024-03-30T19:47:51+00:00\",\"breadcrumb\":{\"@id\":\"https:\/\/nautitours.cl\/?page_id=8#breadcrumb\"},\"inLanguage\":\"es\",\"potentialAction\":[{\"@type\":\"ReadAction\",\"target\":[\"https:\/\/nautitours.cl\/?page_id=8\"]}]},{\"@type\":\"ImageObject\",\"inLanguage\":\"es\",\"@id\":\"https:\/\/nautitours.cl\/?page_id=8#primaryimage\",\"url\":\"https:\/\/nautitours.cl\/wp-content\/uploads\/2023\/01\/local_nautitours-001-1-1024x1024.jpg\",\"contentUrl\":\"https:\/\/nautitours.cl\/wp-content\/uploads\/2023\/01\/local_nautitours-001-1-1024x1024.jpg\"},{\"@type\":\"BreadcrumbList\",\"@id\":\"https:\/\/nautitours.cl\/?page_id=8#breadcrumb\",\"itemListElement\":[{\"@type\":\"ListItem\",\"position\":1,\"name\":\"Portada\",\"item\":\"https:\/\/nautitours.cl\/\"},{\"@type\":\"ListItem\",\"position\":2,\"name\":\"Contacto\"}]},{\"@type\":\"WebSite\",\"@id\":\"https:\/\/nautitours.cl\/#website\",\"url\":\"https:\/\/nautitours.cl\/\",\"name\":\"Nautitours\",\"description\":\"\",\"publisher\":{\"@id\":\"https:\/\/nautitours.cl\/#organization\"},\"potentialAction\":[{\"@type\":\"SearchAction\",\"target\":{\"@type\":\"EntryPoint\",\"urlTemplate\":\"https:\/\/nautitours.cl\/?s={search_term_string}\"},\"query-input\":\"required name=search_term_string\"}],\"inLanguage\":\"es\"},{\"@type\":\"Organization\",\"@id\":\"https:\/\/nautitours.cl\/#organization\",\"name\":\"Nautitours\",\"url\":\"https:\/\/nautitours.cl\/\",\"logo\":{\"@type\":\"ImageObject\",\"inLanguage\":\"es\",\"@id\":\"https:\/\/nautitours.cl\/#\/schema\/logo\/image\/\",\"url\":\"https:\/\/nautitours.cl\/wp-content\/uploads\/2023\/01\/cropped-NAUTITOURS-LOGO.png\",\"contentUrl\":\"https:\/\/nautitours.cl\/wp-content\/uploads\/2023\/01\/cropped-NAUTITOURS-LOGO.png\",\"width\":456,\"height\":250,\"caption\":\"Nautitours\"},\"image\":{\"@id\":\"https:\/\/nautitours.cl\/#\/schema\/logo\/image\/\"}}]}<\/script>\n<!-- \/ Yoast SEO plugin. -->","yoast_head_json":{"title":"Contacto","robots":{"index":"index","follow":"follow","max-snippet":"max-snippet:-1","max-image-preview":"max-image-preview:large","max-video-preview":"max-video-preview:-1"},"canonical":"https:\/\/nautitours.cl\/?page_id=8","og_locale":"es_ES","og_type":"article","og_title":"Contacto","og_description":"Tel\u00e9fono: +569 7575 0155 Correo: info@nautitours.cl Direcci\u00f3n: Paula s\/n Vichuqu\u00e9n. Regi\u00f3n del Maule, Chile. Ubicaci\u00f3n:","og_url":"https:\/\/nautitours.cl\/?page_id=8","article_modified_time":"2024-03-30T19:47:51+00:00","og_image":[{"url":"https:\/\/nautitours.cl\/wp-content\/uploads\/2023\/01\/local_nautitours-001-1-1024x1024.jpg"}],"twitter_card":"summary_large_image","twitter_misc":{"Tiempo de lectura":"1 minuto"},"schema":{"@context":"https:\/\/schema.org","@graph":[{"@type":"WebPage","@id":"https:\/\/nautitours.cl\/?page_id=8","url":"https:\/\/nautitours.cl\/?page_id=8","name":"Contacto","isPartOf":{"@id":"https:\/\/nautitours.cl\/#website"},"primaryImageOfPage":{"@id":"https:\/\/nautitours.cl\/?page_id=8#primaryimage"},"image":{"@id":"https:\/\/nautitours.cl\/?page_id=8#primaryimage"},"thumbnailUrl":"https:\/\/nautitours.cl\/wp-content\/uploads\/2023\/01\/local_nautitours-001-1-1024x1024.jpg","datePublished":"2023-01-06T00:18:04+00:00","dateModified":"2024-03-30T19:47:51+00:00","breadcrumb":{"@id":"https:\/\/nautitours.cl\/?page_id=8#breadcrumb"},"inLanguage":"es","potentialAction":[{"@type":"ReadAction","target":["https:\/\/nautitours.cl\/?page_id=8"]}]},{"@type":"ImageObject","inLanguage":"es","@id":"https:\/\/nautitours.cl\/?page_id=8#primaryimage","url":"https:\/\/nautitours.cl\/wp-content\/uploads\/2023\/01\/local_nautitours-001-1-1024x1024.jpg","contentUrl":"https:\/\/nautitours.cl\/wp-content\/uploads\/2023\/01\/local_nautitours-001-1-1024x1024.jpg"},{"@type":"BreadcrumbList","@id":"https:\/\/nautitours.cl\/?page_id=8#breadcrumb","itemListElement":[{"@type":"ListItem","position":1,"name":"Portada","item":"https:\/\/nautitours.cl\/"},{"@type":"ListItem","position":2,"name":"Contacto"}]},{"@type":"WebSite","@id":"https:\/\/nautitours.cl\/#website","url":"https:\/\/nautitours.cl\/","name":"Nautitours","description":"","publisher":{"@id":"https:\/\/nautitours.cl\/#organization"},"potentialAction":[{"@type":"SearchAction","target":{"@type":"EntryPoint","urlTemplate":"https:\/\/nautitours.cl\/?s={search_term_string}"},"query-input":"required name=search_term_string"}],"inLanguage":"es"},{"@type":"Organization","@id":"https:\/\/nautitours.cl\/#organization","name":"Nautitours","url":"https:\/\/nautitours.cl\/","logo":{"@type":"ImageObject","inLanguage":"es","@id":"https:\/\/nautitours.cl\/#\/schema\/logo\/image\/","url":"https:\/\/nautitours.cl\/wp-content\/uploads\/2023\/01\/cropped-NAUTITOURS-LOGO.png","contentUrl":"https:\/\/nautitours.cl\/wp-content\/uploads\/2023\/01\/cropped-NAUTITOURS-LOGO.png","width":456,"height":250,"caption":"Nautitours"},"image":{"@id":"https:\/\/nautitours.cl\/#\/schema\/logo\/image\/"}}]}},"_links":{"self":[{"href":"https:\/\/nautitours.cl\/index.php?rest_route=\/wp\/v2\/pages\/8","targetHints":{"allow":["GET"]}}],"collection":[{"href":"https:\/\/nautitours.cl\/index.php?rest_route=\/wp\/v2\/pages"}],"about":[{"href":"https:\/\/nautitours.cl\/index.php?rest_route=\/wp\/v2\/types\/page"}],"author":[{"embeddable":true,"href":"https:\/\/nautitours.cl\/index.php?rest_route=\/wp\/v2\/users\/1"}],"replies":[{"embeddable":true,"href":"https:\/\/nautitours.cl\/index.php?rest_route=%2Fwp%2Fv2%2Fcomments&post=8"}],"version-history":[{"count":9,"href":"https:\/\/nautitours.cl\/index.php?rest_route=\/wp\/v2\/pages\/8\/revisions"}],"predecessor-version":[{"id":157,"href":"https:\/\/nautitours.cl\/index.php?rest_route=\/wp\/v2\/pages\/8\/revisions\/157"}],"wp:attachment":[{"href":"https:\/\/nautitours.cl\/index.php?rest_route=%2Fwp%2Fv2%2Fmedia&parent=8"}],"curies":[{"name":"wp","href":"https:\/\/api.w.org\/{rel}","templated":true}]}}